{"id":5442,"date":"2021-04-12T21:11:39","date_gmt":"2021-04-12T19:11:39","guid":{"rendered":"https:\/\/wwwroot1.wafee.sk\/contact\/"},"modified":"2025-05-06T00:24:17","modified_gmt":"2025-05-05T22:24:17","slug":"contact","status":"publish","type":"page","link":"https:\/\/www.wafee.sk\/en\/contact\/","title":{"rendered":"Contact"},"content":{"rendered":"<p>[et_pb_section fb_built=&#8221;1&#8243; _builder_version=&#8221;4.16&#8243; custom_padding=&#8221;||0px|||&#8221; da_disable_devices=&#8221;off|off|off&#8221; global_colors_info=&#8221;{}&#8221; da_is_popup=&#8221;off&#8221; da_exit_intent=&#8221;off&#8221; da_has_close=&#8221;on&#8221; da_alt_close=&#8221;off&#8221; da_dark_close=&#8221;off&#8221; da_not_modal=&#8221;on&#8221; da_is_singular=&#8221;off&#8221; da_with_loader=&#8221;off&#8221; da_has_shadow=&#8221;on&#8221;][et_pb_row column_structure=&#8221;1_2,1_2&#8243; _builder_version=&#8221;4.16&#8243; background_size=&#8221;initial&#8221; background_position=&#8221;top_left&#8221; background_repeat=&#8221;repeat&#8221; max_width=&#8221;1467px&#8221; custom_padding=&#8221;0px|||||&#8221; global_colors_info=&#8221;{}&#8221;][et_pb_column type=&#8221;1_2&#8243; _builder_version=&#8221;4.16&#8243; custom_padding=&#8221;|||&#8221; global_colors_info=&#8221;{}&#8221; custom_padding__hover=&#8221;|||&#8221;][et_pb_post_title meta=&#8221;off&#8221; featured_image=&#8221;off&#8221; _builder_version=&#8221;4.16&#8243; _module_preset=&#8221;default&#8221; title_font=&#8221;Playfair Display|800|||||||&#8221; title_text_color=&#8221;gcid-3a95b5a3-0dec-4293-a896-8cecabcb732e&#8221; title_font_size=&#8221;40px&#8221; global_colors_info=&#8221;{%22gcid-3a95b5a3-0dec-4293-a896-8cecabcb732e%22:%91%22title_text_color%22%93}&#8221;][\/et_pb_post_title][et_pb_text _builder_version=&#8221;4.17.4&#8243; text_text_color=&#8221;gcid-3a95b5a3-0dec-4293-a896-8cecabcb732e&#8221; text_font_size=&#8221;18px&#8221; background_size=&#8221;initial&#8221; background_position=&#8221;top_left&#8221; background_repeat=&#8221;repeat&#8221; custom_padding=&#8221;|||24px||&#8221; global_colors_info=&#8221;{%22gcid-3a95b5a3-0dec-4293-a896-8cecabcb732e%22:%91%22text_text_color%22%93}&#8221;]<\/p>\n<p><b>KOVO, s.r.o.<\/b><br \/>Dru\u017eby 77, 921 01 Pie\u0161\u0165any,<br \/>m.\u010d. Kocurice<\/p>\n<p>Business ID: 31444512<\/p>\n<p>Contact person:<br \/>Monika Tom\u00e1\u0161ikov\u00e1<\/p>\n<p>Tel. phone: <strong>+421 (0)917 092 100<\/strong><br \/><em>(call during work days from 8:00 to 15:30)<\/em><\/p>\n<p>E-mail: <strong><a href=\"mailto:info@wafee.sk\">info@wafee.sk<\/a><\/strong><\/p>\n<p>We are manufacturers (not a classic store) and therefore please contact us by email or phone.<\/p>\n<p>Thank you!<\/p>\n<p>[\/et_pb_text][et_pb_image src=&#8221;https:\/\/www.wafee.sk\/wp-content\/uploads\/2021\/03\/madeinsk_stamp-150&#215;150.png&#8221; alt=&#8221;Made in Slovakia&#8221; title_text=&#8221;madeinsk_stamp&#8221; _builder_version=&#8221;4.16&#8243; _module_preset=&#8221;default&#8221; width=&#8221;21%&#8221; custom_padding=&#8221;|||24px|false|false&#8221; global_colors_info=&#8221;{}&#8221;][\/et_pb_image][\/et_pb_column][et_pb_column type=&#8221;1_2&#8243; _builder_version=&#8221;4.16&#8243; background_color=&#8221;gcid-45ef3464-772d-4329-86f6-1f96b6f83c13&#8243; custom_padding=&#8221;|||&#8221; global_colors_info=&#8221;{%22gcid-45ef3464-772d-4329-86f6-1f96b6f83c13%22:%91%22background_color%22%93}&#8221; custom_padding__hover=&#8221;|||&#8221;][et_pb_text _builder_version=&#8221;4.16&#8243; _module_preset=&#8221;default&#8221; text_font=&#8221;Playfair Display|700|||||||&#8221; text_text_color=&#8221;gcid-3a95b5a3-0dec-4293-a896-8cecabcb732e&#8221; text_font_size=&#8221;40px&#8221; text_line_height=&#8221;1em&#8221; text_orientation=&#8221;center&#8221; width=&#8221;100%&#8221; custom_padding=&#8221;30px||||false|false&#8221; global_colors_info=&#8221;{%22gcid-3a95b5a3-0dec-4293-a896-8cecabcb732e%22:%91%22text_text_color%22%93}&#8221;]<\/p>\n<p>Would you like to know more?<br \/>We&#8217;d be happy to tell you.<\/p>\n<p>[\/et_pb_text][et_pb_contact_form email=&#8221;info@wafee.sk&#8221; title=&#8221;Contact form&#8221; custom_message=&#8221;Meno: %%Name%%||et_pb_line_break_holder||E-mail: %%Email%%||et_pb_line_break_holder||Spr\u00e1va:||et_pb_line_break_holder||%%Message%%||et_pb_line_break_holder||||et_pb_line_break_holder||%%Privacy%%||et_pb_line_break_holder||%%Mam15%%||et_pb_line_break_holder||&#8221; success_message=&#8221;Message sent. Thanks for contacting us. &#8221; submit_button_text=&#8221;Send&#8221; _builder_version=&#8221;4.27.4&#8243; _module_preset=&#8221;default&#8221; _unique_id=&#8221;38ec0a90-628a-4aca-912a-f31bd8e8b71b&#8221; width=&#8221;70%&#8221; module_alignment=&#8221;center&#8221; custom_padding=&#8221;|0px|10px|0px|false|true&#8221; custom_css_contact_title=&#8221;display: none;&#8221; global_colors_info=&#8221;{}&#8221;][et_pb_contact_field field_id=&#8221;Name&#8221; field_title=&#8221;Name&#8221; fullwidth_field=&#8221;on&#8221; _builder_version=&#8221;4.16&#8243; form_field_background_color=&#8221;#FFFFFF&#8221; width=&#8221;100%&#8221; module_alignment=&#8221;center&#8221; border_width_all=&#8221;2px&#8221; border_color_all=&#8221;gcid-3a95b5a3-0dec-4293-a896-8cecabcb732e&#8221; global_colors_info=&#8221;{%22gcid-3a95b5a3-0dec-4293-a896-8cecabcb732e%22:%91%22border_color_all%22%93}&#8221; button_text_size__hover_enabled=&#8221;off&#8221; button_one_text_size__hover_enabled=&#8221;off&#8221; button_two_text_size__hover_enabled=&#8221;off&#8221; button_text_color__hover_enabled=&#8221;off&#8221; button_one_text_color__hover_enabled=&#8221;off&#8221; button_two_text_color__hover_enabled=&#8221;off&#8221; button_border_width__hover_enabled=&#8221;off&#8221; button_one_border_width__hover_enabled=&#8221;off&#8221; button_two_border_width__hover_enabled=&#8221;off&#8221; button_border_color__hover_enabled=&#8221;off&#8221; button_one_border_color__hover_enabled=&#8221;off&#8221; button_two_border_color__hover_enabled=&#8221;off&#8221; button_border_radius__hover_enabled=&#8221;off&#8221; button_one_border_radius__hover_enabled=&#8221;off&#8221; button_two_border_radius__hover_enabled=&#8221;off&#8221; button_letter_spacing__hover_enabled=&#8221;off&#8221; button_one_letter_spacing__hover_enabled=&#8221;off&#8221; button_two_letter_spacing__hover_enabled=&#8221;off&#8221; button_bg_color__hover_enabled=&#8221;off&#8221; button_one_bg_color__hover_enabled=&#8221;off&#8221; button_two_bg_color__hover_enabled=&#8221;off&#8221;][\/et_pb_contact_field][et_pb_contact_field field_id=&#8221;Email&#8221; field_title=&#8221;E-mail address&#8221; field_type=&#8221;email&#8221; fullwidth_field=&#8221;on&#8221; _builder_version=&#8221;4.16&#8243; form_field_background_color=&#8221;#FFFFFF&#8221; width=&#8221;100%&#8221; module_alignment=&#8221;center&#8221; border_width_all=&#8221;2px&#8221; border_color_all=&#8221;gcid-3a95b5a3-0dec-4293-a896-8cecabcb732e&#8221; global_colors_info=&#8221;{%22gcid-3a95b5a3-0dec-4293-a896-8cecabcb732e%22:%91%22border_color_all%22,%22border_color_all%22%93}&#8221; button_text_size__hover_enabled=&#8221;off&#8221; button_one_text_size__hover_enabled=&#8221;off&#8221; button_two_text_size__hover_enabled=&#8221;off&#8221; button_text_color__hover_enabled=&#8221;off&#8221; button_one_text_color__hover_enabled=&#8221;off&#8221; button_two_text_color__hover_enabled=&#8221;off&#8221; button_border_width__hover_enabled=&#8221;off&#8221; button_one_border_width__hover_enabled=&#8221;off&#8221; button_two_border_width__hover_enabled=&#8221;off&#8221; button_border_color__hover_enabled=&#8221;off&#8221; button_one_border_color__hover_enabled=&#8221;off&#8221; button_two_border_color__hover_enabled=&#8221;off&#8221; button_border_radius__hover_enabled=&#8221;off&#8221; button_one_border_radius__hover_enabled=&#8221;off&#8221; button_two_border_radius__hover_enabled=&#8221;off&#8221; button_letter_spacing__hover_enabled=&#8221;off&#8221; button_one_letter_spacing__hover_enabled=&#8221;off&#8221; button_two_letter_spacing__hover_enabled=&#8221;off&#8221; button_bg_color__hover_enabled=&#8221;off&#8221; button_one_bg_color__hover_enabled=&#8221;off&#8221; button_two_bg_color__hover_enabled=&#8221;off&#8221;][\/et_pb_contact_field][et_pb_contact_field field_id=&#8221;Message&#8221; field_title=&#8221;Message&#8221; field_type=&#8221;text&#8221; fullwidth_field=&#8221;on&#8221; _builder_version=&#8221;4.27.4&#8243; form_field_background_color=&#8221;#FFFFFF&#8221; width=&#8221;100%&#8221; module_alignment=&#8221;center&#8221; border_width_all=&#8221;2px&#8221; border_color_all=&#8221;gcid-3a95b5a3-0dec-4293-a896-8cecabcb732e&#8221; global_colors_info=&#8221;{%22gcid-3a95b5a3-0dec-4293-a896-8cecabcb732e%22:%91%22border_color_all%22,%22border_color_all%22%93}&#8221; button_text_size__hover_enabled=&#8221;off&#8221; button_one_text_size__hover_enabled=&#8221;off&#8221; button_two_text_size__hover_enabled=&#8221;off&#8221; button_text_color__hover_enabled=&#8221;off&#8221; button_one_text_color__hover_enabled=&#8221;off&#8221; button_two_text_color__hover_enabled=&#8221;off&#8221; button_border_width__hover_enabled=&#8221;off&#8221; button_one_border_width__hover_enabled=&#8221;off&#8221; button_two_border_width__hover_enabled=&#8221;off&#8221; button_border_color__hover_enabled=&#8221;off&#8221; button_one_border_color__hover_enabled=&#8221;off&#8221; button_two_border_color__hover_enabled=&#8221;off&#8221; button_border_radius__hover_enabled=&#8221;off&#8221; button_one_border_radius__hover_enabled=&#8221;off&#8221; button_two_border_radius__hover_enabled=&#8221;off&#8221; button_letter_spacing__hover_enabled=&#8221;off&#8221; button_one_letter_spacing__hover_enabled=&#8221;off&#8221; button_two_letter_spacing__hover_enabled=&#8221;off&#8221; button_bg_color__hover_enabled=&#8221;off&#8221; button_one_bg_color__hover_enabled=&#8221;off&#8221; button_two_bg_color__hover_enabled=&#8221;off&#8221;][\/et_pb_contact_field][et_pb_contact_field field_id=&#8221;Privacy&#8221; field_title=&#8221; &#8221; field_type=&#8221;checkbox&#8221; checkbox_options=&#8221;%91{%22value%22:%22By checking this box, I, as the data subject, declare that I have read the Privacy Policy, that I understand it and that I agree to the processing of my personal data in accordance with it. %22,%22checked%22:0,%22dragID%22:-1,%22link_url%22:%22%92\/wp-content%92\/uploads%92\/2025%92\/02%92\/Zasady-ochrany-osobnych-udajov_KontaktnyFormularWafee.pdf%22,%22link_text%22:%22Read the policy.%22}%93&#8243; fullwidth_field=&#8221;on&#8221; _builder_version=&#8221;4.27.4&#8243; _module_preset=&#8221;default&#8221; global_colors_info=&#8221;{}&#8221;][\/et_pb_contact_field][et_pb_contact_field field_id=&#8221;Mam15&#8243; field_title=&#8221; &#8221; field_type=&#8221;checkbox&#8221; checkbox_options=&#8221;%91{%22value%22:%22By checking the box, I solemnly declare that I am a person who has reached the age of 16.%22,%22checked%22:0,%22dragID%22:-1}%93&#8243; fullwidth_field=&#8221;on&#8221; _builder_version=&#8221;4.27.4&#8243; _module_preset=&#8221;default&#8221; global_colors_info=&#8221;{}&#8221;][\/et_pb_contact_field][\/et_pb_contact_form][\/et_pb_column][\/et_pb_row][et_pb_row _builder_version=&#8221;4.16&#8243; _module_preset=&#8221;default&#8221; width=&#8221;100%&#8221; max_width=&#8221;2018px&#8221; module_alignment=&#8221;center&#8221; custom_padding=&#8221;||0px|||&#8221; global_colors_info=&#8221;{}&#8221;][et_pb_column type=&#8221;4_4&#8243; _builder_version=&#8221;4.16&#8243; _module_preset=&#8221;default&#8221; global_colors_info=&#8221;{}&#8221;][et_pb_map address=&#8221;Dru\u017eby 77, 921 01 Pie\u0161\u0165any, Slovensko&#8221; zoom_level=&#8221;16&#8243; address_lat=&#8221;48.578416159272&#8243; address_lng=&#8221;17.766220124329&#8243; mouse_wheel=&#8221;off&#8221; _builder_version=&#8221;4.27.4&#8243; _module_preset=&#8221;default&#8221; min_height=&#8221;589px&#8221; global_colors_info=&#8221;{}&#8221;][et_pb_map_pin title=&#8221;Wafee at KOVO, s.r.o.&#8221; pin_address=&#8221;Dru\u017eby 77, 921 01 Pie\u0161\u0165any-Kocurice, Slovensko&#8221; zoom_level=&#8221;16&#8243; pin_address_lat=&#8221;48.5779491&#8243; pin_address_lng=&#8221;17.7675412&#8243; _builder_version=&#8221;4.27.4&#8243; _module_preset=&#8221;default&#8221; db_start_open=&#8221;on&#8221; global_colors_info=&#8221;{}&#8221;][\/et_pb_map_pin][\/et_pb_map][\/et_pb_column][\/et_pb_row][\/et_pb_section]<\/p>\n","protected":false},"excerpt":{"rendered":"<p>KOVO, s.r.o.Dru\u017eby 77, 921 01 Pie\u0161\u0165any,m.\u010d. Kocurice Business ID: 31444512 Contact person:Monika Tom\u00e1\u0161ikov\u00e1 Tel. phone: +421 (0)917 092 100(call during work days from 8:00 to 15:30) E-mail: info@wafee.sk We are manufacturers (not a classic store) and therefore please contact us by email or phone. Thank you!Would you like to know more?We&#8217;d be happy to tell [&hellip;]<\/p>\n","protected":false},"author":5,"featured_media":0,"parent":0,"menu_order":0,"comment_status":"closed","ping_status":"closed","template":"","meta":{"_et_pb_use_builder":"on","_et_pb_old_content":"<b>KOVO, s.r.o.<\/b>\r\nDru\u017eby 77, 921 01 Pie\u0161\u0165any,\r\nm.\u010d. Kocurice\r\n\r\nI\u010cO: 31444512\r\n\r\nKontaktn\u00e1 osoba:\r\nMonika Tom\u00e1\u0161ikov\u00e1","_et_gb_content_width":"","footnotes":""},"class_list":["post-5442","page","type-page","status-publish","hentry"],"_links":{"self":[{"href":"https:\/\/www.wafee.sk\/en\/wp-json\/wp\/v2\/pages\/5442","targetHints":{"allow":["GET"]}}],"collection":[{"href":"https:\/\/www.wafee.sk\/en\/wp-json\/wp\/v2\/pages"}],"about":[{"href":"https:\/\/www.wafee.sk\/en\/wp-json\/wp\/v2\/types\/page"}],"author":[{"embeddable":true,"href":"https:\/\/www.wafee.sk\/en\/wp-json\/wp\/v2\/users\/5"}],"replies":[{"embeddable":true,"href":"https:\/\/www.wafee.sk\/en\/wp-json\/wp\/v2\/comments?post=5442"}],"version-history":[{"count":9,"href":"https:\/\/www.wafee.sk\/en\/wp-json\/wp\/v2\/pages\/5442\/revisions"}],"predecessor-version":[{"id":13236,"href":"https:\/\/www.wafee.sk\/en\/wp-json\/wp\/v2\/pages\/5442\/revisions\/13236"}],"wp:attachment":[{"href":"https:\/\/www.wafee.sk\/en\/wp-json\/wp\/v2\/media?parent=5442"}],"curies":[{"name":"wp","href":"https:\/\/api.w.org\/{rel}","templated":true}]}}