{"id":11177,"date":"2024-09-29T23:50:26","date_gmt":"2024-09-29T21:50:26","guid":{"rendered":"https:\/\/www.wafee.sk\/?post_type=product&#038;p=11177"},"modified":"2026-01-08T20:40:25","modified_gmt":"2026-01-08T19:40:25","slug":"oblatkovac-artist-ruza","status":"publish","type":"product","link":"https:\/\/www.wafee.sk\/en\/produkt\/oblatkovac-artist-ruza\/","title":{"rendered":"Wafer Artist &#8211; Rose"},"content":{"rendered":"<p><span style=\"font-size: 14pt;\">Wafer Artist &#8211; Rose<\/span><\/p>\n<p>We dressed Wafee in a beautiful folk embroidery dress. We transferred the beautiful colorful ornament of traditional Pie\u0161\u0165any&#8217;s embroidery into an original hand painting and created this unique motif in collaboration with our artist Sa\u0161ka. We decorated the baking trays of the wafer maker with the so-called pattern &#8220;On wheels&#8221;, where the name already indicates its shape. We painstakingly inserted two beautiful circular patterns into the &#8220;irons&#8221; and, once again, a unique machine was created, which will proudly represent our quality work, which we stand behind, as well as a piece of Slovakia!<\/p>\n<p style=\"text-align: justify;\">\u2022 Hand-painted wafer-maker Wafee &#8211; each piece is an original.<\/p>\n<p>\u2022 Sophisticated engraving in a period style &#8211; original design on the wafer.<\/p>\n<p>\u2022 Wooden handle &#8211; to emphasize the folk style.<\/p>\n<p style=\"text-align: justify;\">Hand-operated electric appliance for making and baking homemade wafers. It provides the possibility of baking 2 small round wafers, preferably salty or 1 classic sweet oval-shaped wafer. In addition, the wafers can be easily rolled into tubes.<\/p>\n<ul>\n<li>solid and stable construction<\/li>\n<li>constant temperature maintaining the set value<\/li>\n<li>thermostat with stable baking temperature control<\/li>\n<li>wafer thickness with easy adjustment from 0.5 &#8211; 4 mm<\/li>\n<li>locking handle for safety during baking<\/li>\n<li>safety mechanism to secure the locked handle<\/li>\n<li>supply cable with extra length up to 3 m and increased temperature resistance<\/li>\n<li>electric switch with a light indicator for heat<\/li>\n<li>anti-slip rubber legs<\/li>\n<li>operating instructions with tried-and-tested recipes<\/li>\n<li>technical parameters:\n<ul>\n<li>weight: 10 kg<\/li>\n<li>device dimensions: 430 x 200 x 145 mm<\/li>\n<li>dimensions of baking trays: 200 x 120 mm<\/li>\n<li>220 \u2013 240 V ~ 50 Hz, ~750 W<\/li>\n<\/ul>\n<\/li>\n<\/ul>\n<p><a href=\"\/wp-content\/uploads\/2021\/05\/Navod-na-obsluhu_V.1_2021_na-stiahnutie-A4.pdf\" target=\"_blank\" rel=\"noopener\">Here you can download<\/a> operating instructions.<\/p>\n","protected":false},"excerpt":{"rendered":"<p>We also recommend to buy <a href=\"https:\/\/www.wafee.sk\/en\/produkt\/baking-buddy-baton\/\">Baking Buddy Baton<\/a>.<\/p>\n","protected":false},"featured_media":11475,"template":"","meta":{"_et_pb_use_builder":"","_et_pb_old_content":"","_et_gb_content_width":""},"product_brand":[],"product_cat":[67,66],"product_tag":[],"class_list":{"0":"post-11177","1":"product","2":"type-product","3":"status-publish","4":"has-post-thumbnail","6":"product_cat-products","7":"product_cat-wafer-makers","8":"product_shipping_class-kurier-en","10":"first","11":"instock","12":"taxable","13":"shipping-taxable","14":"purchasable","15":"product-type-variable"},"_links":{"self":[{"href":"https:\/\/www.wafee.sk\/en\/wp-json\/wp\/v2\/product\/11177","targetHints":{"allow":["GET"]}}],"collection":[{"href":"https:\/\/www.wafee.sk\/en\/wp-json\/wp\/v2\/product"}],"about":[{"href":"https:\/\/www.wafee.sk\/en\/wp-json\/wp\/v2\/types\/product"}],"wp:featuredmedia":[{"embeddable":true,"href":"https:\/\/www.wafee.sk\/en\/wp-json\/wp\/v2\/media\/11475"}],"wp:attachment":[{"href":"https:\/\/www.wafee.sk\/en\/wp-json\/wp\/v2\/media?parent=11177"}],"wp:term":[{"taxonomy":"product_brand","embeddable":true,"href":"https:\/\/www.wafee.sk\/en\/wp-json\/wp\/v2\/product_brand?post=11177"},{"taxonomy":"product_cat","embeddable":true,"href":"https:\/\/www.wafee.sk\/en\/wp-json\/wp\/v2\/product_cat?post=11177"},{"taxonomy":"product_tag","embeddable":true,"href":"https:\/\/www.wafee.sk\/en\/wp-json\/wp\/v2\/product_tag?post=11177"}],"curies":[{"name":"wp","href":"https:\/\/api.w.org\/{rel}","templated":true}]}}